{"id":1092,"date":"2020-05-23T12:59:25","date_gmt":"2020-05-23T15:59:25","guid":{"rendered":"https:\/\/isef-crr.infd.edu.ar\/sitio\/?page_id=1092"},"modified":"2023-04-13T11:26:48","modified_gmt":"2023-04-13T14:26:48","slug":"sub-sede-ituzaingo","status":"publish","type":"page","link":"https:\/\/isef-crr.infd.edu.ar\/sitio\/sub-sede-ituzaingo\/","title":{"rendered":"Sub Sede Ituzaing\u00f3"},"content":{"rendered":"<p>Coordinador: Carlos Zaracho<\/p>\n<p>Tel\u00e9fono: 3786456359<\/p>\n<p>Correo: profedufisicaituar@gmail.com<\/p>\n<p>Direcci\u00f3n: Corrientes 1600<\/p>\n<p>Ubicaci\u00f3n\u00a0 \u00a0<a href=\"https:\/\/maps.app.goo.gl\/BBRHvz4THgxK5bKf9\">&#x1f4cc;<\/a><\/p>\n<p>Facebook <a href=\"https:\/\/www.facebook.com\/profesoradoeducacionfisicaitu\"><img decoding=\"async\" loading=\"lazy\" class=\"\" src=\"https:\/\/www.facebook.com\/images\/fb_icon_325x325.png\" alt=\"Facebook - Inicia sesi\u00f3n o reg\u00edstrate\" width=\"32\" height=\"32\" \/><\/a><\/p>\n<p>Instagram <a href=\"https:\/\/instagram.com\/isef_subsedeitgo?igshid=YmMyMTA2M2Y=\"><img decoding=\"async\" loading=\"lazy\" class=\"\" src=\"https:\/\/i.pinimg.com\/originals\/3b\/21\/c7\/3b21c7efd2ba9c119fb8d361acacc31d.png\" alt=\"Descarga Icono Instagram Gratis | Instagram logo\" width=\"31\" height=\"31\" \/><\/a><\/p>\n","protected":false},"excerpt":{"rendered":"<p>Coordinador: Carlos Zaracho Tel\u00e9fono: 3786456359 Correo: profedufisicaituar@gmail.com Direcci\u00f3n: Corrientes 1600 Ubicaci\u00f3n\u00a0 \u00a0&#x1f4cc; Facebook Instagram<\/p>\n","protected":false},"author":685,"featured_media":0,"parent":0,"menu_order":0,"comment_status":"closed","ping_status":"closed","template":"","meta":[],"acf":[],"_links":{"self":[{"href":"https:\/\/isef-crr.infd.edu.ar\/sitio\/wp-json\/wp\/v2\/pages\/1092"}],"collection":[{"href":"https:\/\/isef-crr.infd.edu.ar\/sitio\/wp-json\/wp\/v2\/pages"}],"about":[{"href":"https:\/\/isef-crr.infd.edu.ar\/sitio\/wp-json\/wp\/v2\/types\/page"}],"author":[{"embeddable":true,"href":"https:\/\/isef-crr.infd.edu.ar\/sitio\/wp-json\/wp\/v2\/users\/685"}],"replies":[{"embeddable":true,"href":"https:\/\/isef-crr.infd.edu.ar\/sitio\/wp-json\/wp\/v2\/comments?post=1092"}],"version-history":[{"count":5,"href":"https:\/\/isef-crr.infd.edu.ar\/sitio\/wp-json\/wp\/v2\/pages\/1092\/revisions"}],"predecessor-version":[{"id":2466,"href":"https:\/\/isef-crr.infd.edu.ar\/sitio\/wp-json\/wp\/v2\/pages\/1092\/revisions\/2466"}],"wp:attachment":[{"href":"https:\/\/isef-crr.infd.edu.ar\/sitio\/wp-json\/wp\/v2\/media?parent=1092"}],"curies":[{"name":"wp","href":"https:\/\/api.w.org\/{rel}","templated":true}]}}