{"id":1329,"date":"2020-11-21T17:42:54","date_gmt":"2020-11-21T20:42:54","guid":{"rendered":"https:\/\/isef-crr.infd.edu.ar\/sitio\/?page_id=1329"},"modified":"2021-03-31T08:24:20","modified_gmt":"2021-03-31T11:24:20","slug":"examenes","status":"publish","type":"page","link":"https:\/\/isef-crr.infd.edu.ar\/sitio\/examenes\/","title":{"rendered":"Ex\u00e1menes"},"content":{"rendered":"<p style=\"text-align: center;\"><strong>De los Reg\u00edmenes de Promoci\u00f3n<\/strong><\/p>\n<p><strong>Art. 19. Ampliatoria RM 585\/15<\/strong><img decoding=\"async\" loading=\"lazy\" class=\"alignnone size-full wp-image-1332\" src=\"https:\/\/isef-crr.infd.edu.ar\/sitio\/wp-content\/uploads\/2020\/11\/thumbnail_IMG_5701.jpg\" alt=\"\" width=\"624\" height=\"878\" \/><\/p>\n<p>&nbsp;<\/p>\n<p>&nbsp;<\/p>\n<p>&nbsp;<\/p>\n<p><strong>Art. 20. RM. 1455\/15<\/strong><img decoding=\"async\" loading=\"lazy\" class=\"alignnone size-full wp-image-1337\" src=\"https:\/\/isef-crr.infd.edu.ar\/sitio\/wp-content\/uploads\/2020\/11\/thumbnail_Image-1.png\" alt=\"\" width=\"624\" height=\"878\" \/><img decoding=\"async\" loading=\"lazy\" class=\"alignnone wp-image-1335 size-thumbnail\" src=\"https:\/\/isef-crr.infd.edu.ar\/sitio\/wp-content\/uploads\/2020\/11\/thumbnail_IMG_5705-500x304.jpg\" alt=\"\" width=\"624\" height=\"878\" \/><\/p>\n<p>&nbsp;<\/p>\n<p><strong>Art. 21\u00a0Ampliatoria RM 585\/15<\/strong><img decoding=\"async\" loading=\"lazy\" class=\"alignnone size-medium wp-image-1333\" src=\"https:\/\/isef-crr.infd.edu.ar\/sitio\/wp-content\/uploads\/2020\/11\/thumbnail_IMG_5702.jpg\" alt=\"\" width=\"624\" height=\"878\" \/> <img decoding=\"async\" loading=\"lazy\" class=\"alignnone size-medium wp-image-1334\" src=\"https:\/\/isef-crr.infd.edu.ar\/sitio\/wp-content\/uploads\/2020\/11\/thumbnail_IMG_5703.jpg\" alt=\"\" width=\"624\" height=\"878\" \/><\/p>\n<p><strong>PLAN DE ESTUDIOS 2614\/15<\/strong><\/p>\n<p>Podr\u00e1n promocionar por Examen Final Libre:<\/p>\n<p>Pedagog\u00eda.<\/p>\n<p>Did\u00e1ctica General.<\/p>\n<p>Psicolog\u00eda Educacional.<\/p>\n<p>Historia Latinoamericana y Argentina.<\/p>\n<p>Sujeto de la Educaci\u00f3n (Inicial y Primaria).<\/p>\n<p>Sujeto de la Educaci\u00f3n (Nivel Secundario).<\/p>\n<p>Filosof\u00eda de la Educaci\u00f3n.<\/p>\n<p>Historia y Pol\u00edtica de la Educaci\u00f3n Argentina.<\/p>\n<p>Sociolog\u00eda de la Educaci\u00f3n.<\/p>\n<p>\u00c9tica y Ciudadan\u00eda.<\/p>\n","protected":false},"excerpt":{"rendered":"<p>De los Reg\u00edmenes de Promoci\u00f3n Art. 19. Ampliatoria RM 585\/15 &nbsp; &nbsp; &nbsp; Art. 20. RM. 1455\/15 &nbsp; Art. 21\u00a0Ampliatoria RM 585\/15 PLAN DE ESTUDIOS 2614\/15 Podr\u00e1n promocionar por Examen Final Libre: Pedagog\u00eda. Did\u00e1ctica General. Psicolog\u00eda Educacional. Historia Latinoamericana y Argentina. Sujeto de la Educaci\u00f3n (Inicial y Primaria). Sujeto de la Educaci\u00f3n (Nivel Secundario). Filosof\u00eda &#8230; <a title=\"Ex\u00e1menes\" class=\"read-more\" href=\"https:\/\/isef-crr.infd.edu.ar\/sitio\/examenes\/\" aria-label=\"More on Ex\u00e1menes\">[+]<\/a><\/p>\n","protected":false},"author":666,"featured_media":0,"parent":0,"menu_order":0,"comment_status":"closed","ping_status":"closed","template":"","meta":[],"acf":[],"_links":{"self":[{"href":"https:\/\/isef-crr.infd.edu.ar\/sitio\/wp-json\/wp\/v2\/pages\/1329"}],"collection":[{"href":"https:\/\/isef-crr.infd.edu.ar\/sitio\/wp-json\/wp\/v2\/pages"}],"about":[{"href":"https:\/\/isef-crr.infd.edu.ar\/sitio\/wp-json\/wp\/v2\/types\/page"}],"author":[{"embeddable":true,"href":"https:\/\/isef-crr.infd.edu.ar\/sitio\/wp-json\/wp\/v2\/users\/666"}],"replies":[{"embeddable":true,"href":"https:\/\/isef-crr.infd.edu.ar\/sitio\/wp-json\/wp\/v2\/comments?post=1329"}],"version-history":[{"count":13,"href":"https:\/\/isef-crr.infd.edu.ar\/sitio\/wp-json\/wp\/v2\/pages\/1329\/revisions"}],"predecessor-version":[{"id":1559,"href":"https:\/\/isef-crr.infd.edu.ar\/sitio\/wp-json\/wp\/v2\/pages\/1329\/revisions\/1559"}],"wp:attachment":[{"href":"https:\/\/isef-crr.infd.edu.ar\/sitio\/wp-json\/wp\/v2\/media?parent=1329"}],"curies":[{"name":"wp","href":"https:\/\/api.w.org\/{rel}","templated":true}]}}